{"id":740,"date":"2021-04-30T15:10:44","date_gmt":"2021-04-30T13:10:44","guid":{"rendered":"https:\/\/www.taxobservatory.world\/privacy-policy\/"},"modified":"2022-04-15T16:49:49","modified_gmt":"2022-04-15T14:49:49","slug":"politique-de-confidentialite","status":"publish","type":"page","link":"https:\/\/taxobservatory.world\/fr\/politique-de-confidentialite\/","title":{"rendered":"Politique de confidentialit\u00e9"},"content":{"rendered":"&#13;\n<h2 class=\"wp-block-heading\">Qui sommes-nous ?<\/h2>&#13;\n&#13;\n<p>The address of our website is https:\/\/www.taxobservatory.world.<\/p>&#13;\n&#13;\n<h2 class=\"wp-block-heading\">Commentaires<\/h2>&#13;\n&#13;\n<p>Lorsque vous laissez un commentaire sur notre site, les donn\u00e9es saisies dans le formulaire de commentaire, mais aussi votre adresse IP et l&rsquo;agent utilisateur de votre navigateur sont collect\u00e9s pour nous aider \u00e0 d\u00e9tecter les commentaires ind\u00e9sirables.<\/p>&#13;\n<p>Une cha\u00eene de caract\u00e8res anonymis\u00e9e cr\u00e9\u00e9e \u00e0 partir de votre adresse \u00e9lectronique (\u00e9galement appel\u00e9e hash) peut \u00eatre envoy\u00e9e au service Gravatar pour v\u00e9rifier votre utilisation du service. La politique de confidentialit\u00e9 du service Gravatar est disponible ici : https:\/\/automattic.com\/privacy\/. Une fois votre commentaire valid\u00e9, votre photo de profil sera publiquement visible \u00e0 c\u00f4t\u00e9 de votre commentaire.<\/p>&#13;\n&#13;\n<h2 class=\"wp-block-heading\">M\u00e9dias<\/h2>&#13;\n&#13;\n<p>Si vous t\u00e9l\u00e9chargez des images sur le site, nous vous conseillons d&rsquo;\u00e9viter de t\u00e9l\u00e9charger des images qui contiennent des donn\u00e9es EXIF de coordonn\u00e9es GPS. Les personnes qui visitent votre site peuvent t\u00e9l\u00e9charger et extraire les donn\u00e9es de localisation de ces images.<\/p>&#13;\n&#13;\n<h2 class=\"wp-block-heading\">Cookies<\/h2>&#13;\n<div id=\"ot-sdk-cookie-policy\"><\/div>\n&#13;\n<p>Si vous laissez un commentaire sur notre site, il vous sera demand\u00e9 d&rsquo;enregistrer votre nom, votre adresse \u00e9lectronique et votre localisation dans des cookies. Ceci n&rsquo;est que pour votre commodit\u00e9 afin que vous n&rsquo;ayez pas \u00e0 saisir ces informations si vous laissez un autre commentaire plus tard. Ces cookies expirent au bout d&rsquo;un an.<\/p>&#13;\n<p>Si vous allez sur la page de connexion, un cookie temporaire sera cr\u00e9\u00e9 pour d\u00e9terminer si votre navigateur accepte les cookies. Il ne contient pas d&rsquo;informations personnelles et sera supprim\u00e9 automatiquement lorsque vous fermerez votre navigateur.<\/p>&#13;\n<p>Lorsque vous vous connectez, nous d\u00e9finissons plusieurs cookies pour stocker vos informations de connexion et vos pr\u00e9f\u00e9rences d&rsquo;\u00e9cran. Un cookie de connexion est conserv\u00e9 pendant deux jours et un cookie de pr\u00e9f\u00e9rences d&rsquo;\u00e9cran pendant un an. Si vous cochez la case \u00ab\u00a0Se souvenir de moi\u00a0\u00bb, votre cookie de connexion sera conserv\u00e9 pendant deux semaines. Si vous vous d\u00e9connectez de votre compte, le cookie de connexion sera supprim\u00e9.<\/p>&#13;\n<p>En modifiant ou en publiant un message, un cookie suppl\u00e9mentaire sera enregistr\u00e9 dans votre navigateur. Ce cookie ne contient aucune donn\u00e9e personnelle. Il indique simplement l&rsquo;ID de la publication que vous venez de modifier. Il expire apr\u00e8s un jour.<\/p>&#13;\n&#13;\n<h2 class=\"wp-block-heading\">Contenu int\u00e9gr\u00e9 d&rsquo;autres sites<\/h2>&#13;\n&#13;\n<p>Les articles de ce site peuvent inclure du contenu int\u00e9gr\u00e9 (par exemple, des vid\u00e9os, des images, des articles, etc.). Le contenu int\u00e9gr\u00e9 provenant d&rsquo;autres sites se comporte de la m\u00eame mani\u00e8re que si le visiteur se trouvait sur cet autre site.<\/p>&#13;\n<p>Ces sites web peuvent recueillir des donn\u00e9es vous concernant, utiliser des cookies, int\u00e9grer des outils de suivi tiers et suivre vos interactions avec ce contenu int\u00e9gr\u00e9 si vous avez un compte sur leur site web.<\/p>&#13;\n&#13;\n<h2 class=\"wp-block-heading\">Utilisation et divulgation de vos informations personnelles<\/h2>&#13;\n&#13;\n<p>Si vous demandez une r\u00e9initialisation du mot de passe, votre adresse IP sera incluse dans l&rsquo;e-mail de r\u00e9initialisation.<\/p>&#13;\n&#13;\n<h2 class=\"wp-block-heading\">Combien de temps conservons-nous vos donn\u00e9es ?<\/h2>&#13;\n&#13;\n<p>Si vous laissez un commentaire, celui-ci et ses m\u00e9tadonn\u00e9es sont stock\u00e9s ind\u00e9finiment. Cela nous permet de reconna\u00eetre et d&rsquo;approuver automatiquement les commentaires ult\u00e9rieurs au lieu de les laisser dans la file d&rsquo;attente de mod\u00e9ration.<\/p>&#13;\n<p>Pour les comptes qui s&rsquo;inscrivent sur notre site (le cas \u00e9ch\u00e9ant), nous stockons \u00e9galement les donn\u00e9es personnelles figurant dans leur profil. Tous les comptes peuvent consulter, modifier ou supprimer leurs informations personnelles \u00e0 tout moment (\u00e0 l&rsquo;exception de leur ID utilisateur). Les gestionnaires du site peuvent \u00e9galement consulter et modifier ces informations.<\/p>&#13;\n&#13;\n<h2 class=\"wp-block-heading\">Les droits que vous avez sur vos donn\u00e9es<\/h2>&#13;\n&#13;\n<p>Si vous avez un compte ou si vous avez laiss\u00e9 des commentaires sur le site, vous pouvez demander \u00e0 recevoir un fichier contenant toutes les donn\u00e9es personnelles que nous poss\u00e9dons \u00e0 votre sujet, y compris les donn\u00e9es que vous nous avez fournies. Vous pouvez \u00e9galement demander la suppression de vos donn\u00e9es personnelles. Cela n&rsquo;inclut pas les donn\u00e9es stock\u00e9es \u00e0 des fins administratives, l\u00e9gales ou de s\u00e9curit\u00e9.<\/p>&#13;\n&#13;\n<h2 class=\"wp-block-heading\">Transmission de vos donn\u00e9es personnelles<\/h2>&#13;\n&#13;\n<p>Les commentaires des visiteurs peuvent \u00eatre v\u00e9rifi\u00e9s \u00e0 l&rsquo;aide d&rsquo;un service de d\u00e9tection automatique des spams.<\/p>&#13;\n","protected":false},"excerpt":{"rendered":"<p>&#13; Qui sommes-nous ? &#13; &#13; The address of our website is https:\/\/www.taxobservatory.world. &#13; &#13; Commentaires &#13; &#13; Lorsque vous laissez un commentaire sur notre site, les donn\u00e9es saisies dans le formulaire de commentaire, mais aussi votre adresse IP et l&rsquo;agent utilisateur de votre navigateur sont collect\u00e9s pour nous aider \u00e0 d\u00e9tecter les commentaires ind\u00e9sirables. [&hellip;]<\/p>\n","protected":false},"author":3,"featured_media":0,"parent":0,"menu_order":3,"comment_status":"closed","ping_status":"open","template":"templates\/cms.php","meta":{"footnotes":""},"class_list":["post-740","page","type-page","status-publish","hentry"],"acf":[],"yoast_head":"<!-- This site is optimized with the Yoast SEO plugin v21.9.1 - https:\/\/yoast.com\/wordpress\/plugins\/seo\/ -->\n<title>Politique de confidentialit\u00e9 - EU Tax Observatory<\/title>\n<meta name=\"robots\" content=\"index, follow, max-snippet:-1, max-image-preview:large, max-video-preview:-1\" \/>\n<link rel=\"canonical\" href=\"https:\/\/taxobservatory.world\/fr\/politique-de-confidentialite\/\" \/>\n<meta property=\"og:locale\" content=\"fr_FR\" \/>\n<meta property=\"og:type\" content=\"article\" \/>\n<meta property=\"og:title\" content=\"Politique de confidentialit\u00e9 - EU Tax Observatory\" \/>\n<meta property=\"og:description\" content=\"&#013; Qui sommes-nous ? &#013; &#013; The address of our website is https:\/\/www.taxobservatory.world. &#013; &#013; Commentaires &#013; &#013; Lorsque vous laissez un commentaire sur notre site, les donn\u00e9es saisies dans le formulaire de commentaire, mais aussi votre adresse IP et l&rsquo;agent utilisateur de votre navigateur sont collect\u00e9s pour nous aider \u00e0 d\u00e9tecter les commentaires ind\u00e9sirables. [&hellip;]\" \/>\n<meta property=\"og:url\" content=\"https:\/\/taxobservatory.world\/fr\/politique-de-confidentialite\/\" \/>\n<meta property=\"og:site_name\" content=\"EU Tax Observatory\" \/>\n<meta property=\"article:modified_time\" content=\"2022-04-15T14:49:49+00:00\" \/>\n<meta name=\"twitter:card\" content=\"summary_large_image\" \/>\n<meta name=\"twitter:label1\" content=\"Est. reading time\" \/>\n\t<meta name=\"twitter:data1\" content=\"3 minutes\" \/>\n<script type=\"application\/ld+json\" class=\"yoast-schema-graph\">{\"@context\":\"https:\/\/schema.org\",\"@graph\":[{\"@type\":\"WebPage\",\"@id\":\"https:\/\/taxobservatory.world\/fr\/politique-de-confidentialite\/\",\"url\":\"https:\/\/taxobservatory.world\/fr\/politique-de-confidentialite\/\",\"name\":\"Politique de confidentialit\u00e9 - EU Tax Observatory\",\"isPartOf\":{\"@id\":\"https:\/\/taxobservatory.world\/fr\/#website\"},\"datePublished\":\"2021-04-30T13:10:44+00:00\",\"dateModified\":\"2022-04-15T14:49:49+00:00\",\"breadcrumb\":{\"@id\":\"https:\/\/taxobservatory.world\/fr\/politique-de-confidentialite\/#breadcrumb\"},\"inLanguage\":\"fr-FR\",\"potentialAction\":[{\"@type\":\"ReadAction\",\"target\":[\"https:\/\/taxobservatory.world\/fr\/politique-de-confidentialite\/\"]}]},{\"@type\":\"BreadcrumbList\",\"@id\":\"https:\/\/taxobservatory.world\/fr\/politique-de-confidentialite\/#breadcrumb\",\"itemListElement\":[{\"@type\":\"ListItem\",\"position\":1,\"name\":\"Home\",\"item\":\"https:\/\/taxobservatory.world\/fr\/\"},{\"@type\":\"ListItem\",\"position\":2,\"name\":\"Politique de confidentialit\u00e9\"}]},{\"@type\":\"WebSite\",\"@id\":\"https:\/\/taxobservatory.world\/fr\/#website\",\"url\":\"https:\/\/taxobservatory.world\/fr\/\",\"name\":\"EU Tax Observatory\",\"description\":\"Un site utilisant WordPress\",\"potentialAction\":[{\"@type\":\"SearchAction\",\"target\":{\"@type\":\"EntryPoint\",\"urlTemplate\":\"https:\/\/taxobservatory.world\/fr\/?s={search_term_string}\"},\"query-input\":\"required name=search_term_string\"}],\"inLanguage\":\"fr-FR\"}]}<\/script>\n<!-- \/ Yoast SEO plugin. -->","yoast_head_json":{"title":"Politique de confidentialit\u00e9 - EU Tax Observatory","robots":{"index":"index","follow":"follow","max-snippet":"max-snippet:-1","max-image-preview":"max-image-preview:large","max-video-preview":"max-video-preview:-1"},"canonical":"https:\/\/taxobservatory.world\/fr\/politique-de-confidentialite\/","og_locale":"fr_FR","og_type":"article","og_title":"Politique de confidentialit\u00e9 - EU Tax Observatory","og_description":"&#13; Qui sommes-nous ? &#13; &#13; The address of our website is https:\/\/www.taxobservatory.world. &#13; &#13; Commentaires &#13; &#13; Lorsque vous laissez un commentaire sur notre site, les donn\u00e9es saisies dans le formulaire de commentaire, mais aussi votre adresse IP et l&rsquo;agent utilisateur de votre navigateur sont collect\u00e9s pour nous aider \u00e0 d\u00e9tecter les commentaires ind\u00e9sirables. [&hellip;]","og_url":"https:\/\/taxobservatory.world\/fr\/politique-de-confidentialite\/","og_site_name":"EU Tax Observatory","article_modified_time":"2022-04-15T14:49:49+00:00","twitter_card":"summary_large_image","twitter_misc":{"Est. reading time":"3 minutes"},"schema":{"@context":"https:\/\/schema.org","@graph":[{"@type":"WebPage","@id":"https:\/\/taxobservatory.world\/fr\/politique-de-confidentialite\/","url":"https:\/\/taxobservatory.world\/fr\/politique-de-confidentialite\/","name":"Politique de confidentialit\u00e9 - EU Tax Observatory","isPartOf":{"@id":"https:\/\/taxobservatory.world\/fr\/#website"},"datePublished":"2021-04-30T13:10:44+00:00","dateModified":"2022-04-15T14:49:49+00:00","breadcrumb":{"@id":"https:\/\/taxobservatory.world\/fr\/politique-de-confidentialite\/#breadcrumb"},"inLanguage":"fr-FR","potentialAction":[{"@type":"ReadAction","target":["https:\/\/taxobservatory.world\/fr\/politique-de-confidentialite\/"]}]},{"@type":"BreadcrumbList","@id":"https:\/\/taxobservatory.world\/fr\/politique-de-confidentialite\/#breadcrumb","itemListElement":[{"@type":"ListItem","position":1,"name":"Home","item":"https:\/\/taxobservatory.world\/fr\/"},{"@type":"ListItem","position":2,"name":"Politique de confidentialit\u00e9"}]},{"@type":"WebSite","@id":"https:\/\/taxobservatory.world\/fr\/#website","url":"https:\/\/taxobservatory.world\/fr\/","name":"EU Tax Observatory","description":"Un site utilisant WordPress","potentialAction":[{"@type":"SearchAction","target":{"@type":"EntryPoint","urlTemplate":"https:\/\/taxobservatory.world\/fr\/?s={search_term_string}"},"query-input":"required name=search_term_string"}],"inLanguage":"fr-FR"}]}},"_links":{"self":[{"href":"https:\/\/taxobservatory.world\/fr\/wp-json\/wp\/v2\/pages\/740","targetHints":{"allow":["GET"]}}],"collection":[{"href":"https:\/\/taxobservatory.world\/fr\/wp-json\/wp\/v2\/pages"}],"about":[{"href":"https:\/\/taxobservatory.world\/fr\/wp-json\/wp\/v2\/types\/page"}],"author":[{"embeddable":true,"href":"https:\/\/taxobservatory.world\/fr\/wp-json\/wp\/v2\/users\/3"}],"replies":[{"embeddable":true,"href":"https:\/\/taxobservatory.world\/fr\/wp-json\/wp\/v2\/comments?post=740"}],"version-history":[{"count":0,"href":"https:\/\/taxobservatory.world\/fr\/wp-json\/wp\/v2\/pages\/740\/revisions"}],"wp:attachment":[{"href":"https:\/\/taxobservatory.world\/fr\/wp-json\/wp\/v2\/media?parent=740"}],"curies":[{"name":"wp","href":"https:\/\/api.w.org\/{rel}","templated":true}]}}