{"id":441,"date":"2021-04-30T15:10:44","date_gmt":"2021-04-30T13:10:44","guid":{"rendered":"https:\/\/www.taxobservatory.world\/home\/"},"modified":"2026-04-15T11:57:23","modified_gmt":"2026-04-15T09:57:23","slug":"accueil","status":"publish","type":"page","link":"https:\/\/taxobservatory.world\/fr\/","title":{"rendered":"Accueil"},"content":{"rendered":"<p>&nbsp;<\/p>\n<p>&nbsp;<\/p>\n","protected":false},"excerpt":{"rendered":"<p>&nbsp; &nbsp;<\/p>\n","protected":false},"author":3,"featured_media":0,"parent":0,"menu_order":0,"comment_status":"closed","ping_status":"open","template":"templates\/home.php","meta":{"footnotes":""},"class_list":["post-441","page","type-page","status-publish","hentry"],"acf":[],"yoast_head":"<!-- This site is optimized with the Yoast SEO plugin v21.9.1 - https:\/\/yoast.com\/wordpress\/plugins\/seo\/ -->\n<title>EU Tax Observatory observatoire europ\u00e9en de la fiscalit\u00e9<\/title>\n<meta name=\"description\" content=\"L&#039;Observatoire europ\u00e9en de la fiscalit\u00e9 m\u00e8ne des recherches innovantes sur la fiscalit\u00e9, contribue \u00e0 un d\u00e9bat d\u00e9mocratique et inclusif sur l&#039;avenir de la fiscalit\u00e9 et favorise un dialogue entre la communaut\u00e9 scientifique, la soci\u00e9t\u00e9 civile et les d\u00e9cideurs politiques de l&#039;Union europ\u00e9enne et du monde entier.\" \/>\n<meta name=\"robots\" content=\"index, follow, max-snippet:-1, max-image-preview:large, max-video-preview:-1\" \/>\n<link rel=\"canonical\" href=\"https:\/\/taxobservatory.world\/fr\/\" \/>\n<meta property=\"og:locale\" content=\"fr_FR\" \/>\n<meta property=\"og:type\" content=\"article\" \/>\n<meta property=\"og:title\" content=\"EU Tax Observatory observatoire europ\u00e9en de la fiscalit\u00e9\" \/>\n<meta property=\"og:description\" content=\"L&#039;Observatoire europ\u00e9en de la fiscalit\u00e9 m\u00e8ne des recherches innovantes sur la fiscalit\u00e9, contribue \u00e0 un d\u00e9bat d\u00e9mocratique et inclusif sur l&#039;avenir de la fiscalit\u00e9 et favorise un dialogue entre la communaut\u00e9 scientifique, la soci\u00e9t\u00e9 civile et les d\u00e9cideurs politiques de l&#039;Union europ\u00e9enne et du monde entier.\" \/>\n<meta property=\"og:url\" content=\"https:\/\/taxobservatory.world\/fr\/\" \/>\n<meta property=\"og:site_name\" content=\"EU Tax Observatory\" \/>\n<meta property=\"article:modified_time\" content=\"2026-04-15T09:57:23+00:00\" \/>\n<meta name=\"twitter:card\" content=\"summary_large_image\" \/>\n<script type=\"application\/ld+json\" class=\"yoast-schema-graph\">{\"@context\":\"https:\/\/schema.org\",\"@graph\":[{\"@type\":\"WebPage\",\"@id\":\"https:\/\/taxobservatory.world\/fr\/\",\"url\":\"https:\/\/taxobservatory.world\/fr\/\",\"name\":\"EU Tax Observatory observatoire europ\u00e9en de la fiscalit\u00e9\",\"isPartOf\":{\"@id\":\"https:\/\/taxobservatory.world\/fr\/#website\"},\"datePublished\":\"2021-04-30T13:10:44+00:00\",\"dateModified\":\"2026-04-15T09:57:23+00:00\",\"description\":\"L'Observatoire europ\u00e9en de la fiscalit\u00e9 m\u00e8ne des recherches innovantes sur la fiscalit\u00e9, contribue \u00e0 un d\u00e9bat d\u00e9mocratique et inclusif sur l'avenir de la fiscalit\u00e9 et favorise un dialogue entre la communaut\u00e9 scientifique, la soci\u00e9t\u00e9 civile et les d\u00e9cideurs politiques de l'Union europ\u00e9enne et du monde entier.\",\"breadcrumb\":{\"@id\":\"https:\/\/taxobservatory.world\/fr\/#breadcrumb\"},\"inLanguage\":\"fr-FR\",\"potentialAction\":[{\"@type\":\"ReadAction\",\"target\":[\"https:\/\/taxobservatory.world\/fr\/\"]}]},{\"@type\":\"BreadcrumbList\",\"@id\":\"https:\/\/taxobservatory.world\/fr\/#breadcrumb\",\"itemListElement\":[{\"@type\":\"ListItem\",\"position\":1,\"name\":\"Home\",\"item\":\"https:\/\/taxobservatory.world\/fr\/\"},{\"@type\":\"ListItem\",\"position\":2,\"name\":\"Accueil\"}]},{\"@type\":\"WebSite\",\"@id\":\"https:\/\/taxobservatory.world\/fr\/#website\",\"url\":\"https:\/\/taxobservatory.world\/fr\/\",\"name\":\"EU Tax Observatory\",\"description\":\"Un site utilisant WordPress\",\"potentialAction\":[{\"@type\":\"SearchAction\",\"target\":{\"@type\":\"EntryPoint\",\"urlTemplate\":\"https:\/\/taxobservatory.world\/fr\/?s={search_term_string}\"},\"query-input\":\"required name=search_term_string\"}],\"inLanguage\":\"fr-FR\"}]}<\/script>\n<!-- \/ Yoast SEO plugin. -->","yoast_head_json":{"title":"EU Tax Observatory observatoire europ\u00e9en de la fiscalit\u00e9","description":"L'Observatoire europ\u00e9en de la fiscalit\u00e9 m\u00e8ne des recherches innovantes sur la fiscalit\u00e9, contribue \u00e0 un d\u00e9bat d\u00e9mocratique et inclusif sur l'avenir de la fiscalit\u00e9 et favorise un dialogue entre la communaut\u00e9 scientifique, la soci\u00e9t\u00e9 civile et les d\u00e9cideurs politiques de l'Union europ\u00e9enne et du monde entier.","robots":{"index":"index","follow":"follow","max-snippet":"max-snippet:-1","max-image-preview":"max-image-preview:large","max-video-preview":"max-video-preview:-1"},"canonical":"https:\/\/taxobservatory.world\/fr\/","og_locale":"fr_FR","og_type":"article","og_title":"EU Tax Observatory observatoire europ\u00e9en de la fiscalit\u00e9","og_description":"L'Observatoire europ\u00e9en de la fiscalit\u00e9 m\u00e8ne des recherches innovantes sur la fiscalit\u00e9, contribue \u00e0 un d\u00e9bat d\u00e9mocratique et inclusif sur l'avenir de la fiscalit\u00e9 et favorise un dialogue entre la communaut\u00e9 scientifique, la soci\u00e9t\u00e9 civile et les d\u00e9cideurs politiques de l'Union europ\u00e9enne et du monde entier.","og_url":"https:\/\/taxobservatory.world\/fr\/","og_site_name":"EU Tax Observatory","article_modified_time":"2026-04-15T09:57:23+00:00","twitter_card":"summary_large_image","schema":{"@context":"https:\/\/schema.org","@graph":[{"@type":"WebPage","@id":"https:\/\/taxobservatory.world\/fr\/","url":"https:\/\/taxobservatory.world\/fr\/","name":"EU Tax Observatory observatoire europ\u00e9en de la fiscalit\u00e9","isPartOf":{"@id":"https:\/\/taxobservatory.world\/fr\/#website"},"datePublished":"2021-04-30T13:10:44+00:00","dateModified":"2026-04-15T09:57:23+00:00","description":"L'Observatoire europ\u00e9en de la fiscalit\u00e9 m\u00e8ne des recherches innovantes sur la fiscalit\u00e9, contribue \u00e0 un d\u00e9bat d\u00e9mocratique et inclusif sur l'avenir de la fiscalit\u00e9 et favorise un dialogue entre la communaut\u00e9 scientifique, la soci\u00e9t\u00e9 civile et les d\u00e9cideurs politiques de l'Union europ\u00e9enne et du monde entier.","breadcrumb":{"@id":"https:\/\/taxobservatory.world\/fr\/#breadcrumb"},"inLanguage":"fr-FR","potentialAction":[{"@type":"ReadAction","target":["https:\/\/taxobservatory.world\/fr\/"]}]},{"@type":"BreadcrumbList","@id":"https:\/\/taxobservatory.world\/fr\/#breadcrumb","itemListElement":[{"@type":"ListItem","position":1,"name":"Home","item":"https:\/\/taxobservatory.world\/fr\/"},{"@type":"ListItem","position":2,"name":"Accueil"}]},{"@type":"WebSite","@id":"https:\/\/taxobservatory.world\/fr\/#website","url":"https:\/\/taxobservatory.world\/fr\/","name":"EU Tax Observatory","description":"Un site utilisant WordPress","potentialAction":[{"@type":"SearchAction","target":{"@type":"EntryPoint","urlTemplate":"https:\/\/taxobservatory.world\/fr\/?s={search_term_string}"},"query-input":"required name=search_term_string"}],"inLanguage":"fr-FR"}]}},"_links":{"self":[{"href":"https:\/\/taxobservatory.world\/fr\/wp-json\/wp\/v2\/pages\/441","targetHints":{"allow":["GET"]}}],"collection":[{"href":"https:\/\/taxobservatory.world\/fr\/wp-json\/wp\/v2\/pages"}],"about":[{"href":"https:\/\/taxobservatory.world\/fr\/wp-json\/wp\/v2\/types\/page"}],"author":[{"embeddable":true,"href":"https:\/\/taxobservatory.world\/fr\/wp-json\/wp\/v2\/users\/3"}],"replies":[{"embeddable":true,"href":"https:\/\/taxobservatory.world\/fr\/wp-json\/wp\/v2\/comments?post=441"}],"version-history":[{"count":0,"href":"https:\/\/taxobservatory.world\/fr\/wp-json\/wp\/v2\/pages\/441\/revisions"}],"wp:attachment":[{"href":"https:\/\/taxobservatory.world\/fr\/wp-json\/wp\/v2\/media?parent=441"}],"curies":[{"name":"wp","href":"https:\/\/api.w.org\/{rel}","templated":true}]}}