{"id":4467,"date":"2021-04-30T15:10:44","date_gmt":"2021-04-30T13:10:44","guid":{"rendered":"https:\/\/www.taxobservatory.world\/privacy-policy\/"},"modified":"2022-04-15T18:16:00","modified_gmt":"2022-04-15T16:16:00","slug":"privacy-policy","status":"publish","type":"page","link":"https:\/\/taxobservatory.world\/es\/privacy-policy\/","title":{"rendered":"Privacy Policy"},"content":{"rendered":"&#13;\n<h2 class=\"wp-block-heading\">\u00bfQui\u00e9nes somos?<\/h2>&#13;\n&#13;\n<p>The address of our website is https:\/\/www.taxobservatory.world.<\/p>&#13;\n&#13;\n<h2 class=\"wp-block-heading\">Comentarios<\/h2>&#13;\n&#13;\n<p>Cuando deja un comentario en nuestro sitio, se recogen los datos introducidos en el formulario de comentarios, pero tambi\u00e9n su direcci\u00f3n IP y el agente de usuario de su navegador para ayudarnos a detectar comentarios no deseados.<\/p>&#13;\n<p>Una cadena an\u00f3nima creada a partir de su direcci\u00f3n de correo electr\u00f3nico (tambi\u00e9n llamada hash) puede ser enviada al servicio Gravatar para verificar su uso del servicio. La pol\u00edtica de privacidad del servicio Gravatar est\u00e1 disponible aqu\u00ed: https:\/\/automattic.com\/privacy\/. Una vez validado tu comentario, tu foto de perfil ser\u00e1 visible p\u00fablicamente junto a tu comentario.<\/p>&#13;\n&#13;\n<h2 class=\"wp-block-heading\">Medios de comunicaci\u00f3n<\/h2>&#13;\n&#13;\n<p>Si sube im\u00e1genes al sitio, le aconsejamos que evite subir im\u00e1genes que contengan datos EXIF de coordenadas GPS. Las personas que visiten su sitio pueden descargar y extraer datos de localizaci\u00f3n de estas im\u00e1genes.<\/p>&#13;\n&#13;\n<h2 class=\"wp-block-heading\">Cookies<\/h2>&#13;\n<div id=\"ot-sdk-cookie-policy\"><\/div>\n&#13;\n<p>Si deja un comentario en nuestro sitio, se le pedir\u00e1 que guarde su nombre, direcci\u00f3n de correo electr\u00f3nico y ubicaci\u00f3n en las cookies. Esto es s\u00f3lo para su comodidad, para que no tenga que introducir esta informaci\u00f3n si deja otro comentario m\u00e1s tarde. Estas cookies caducan al cabo de un a\u00f1o.<\/p>&#13;\n<p>Si va a la p\u00e1gina de inicio de sesi\u00f3n, se crear\u00e1 una cookie temporal para determinar si su navegador acepta cookies. No contiene ninguna informaci\u00f3n personal y se eliminar\u00e1 autom\u00e1ticamente cuando cierre su navegador.<\/p>&#13;\n<p>Al iniciar la sesi\u00f3n, estableceremos varias cookies para almacenar su informaci\u00f3n de inicio de sesi\u00f3n y sus preferencias de pantalla. Una cookie de inicio de sesi\u00f3n dura dos d\u00edas y una cookie de preferencias de pantalla dura un a\u00f1o. Si marca &#8220;Recordarme&#8221;, su cookie de inicio de sesi\u00f3n se conservar\u00e1 durante dos semanas. Si sale de su cuenta, la cookie de inicio de sesi\u00f3n se eliminar\u00e1.<\/p>&#13;\n<p>Al editar o publicar una entrada, se almacenar\u00e1 una cookie adicional en su navegador. Esta cookie no incluye ning\u00fan dato personal. Simplemente indica el ID de la publicaci\u00f3n que acaba de editar. Caduca al cabo de un d\u00eda.<\/p>&#13;\n&#13;\n<h2 class=\"wp-block-heading\">Contenido incrustado de otros sitios<\/h2>&#13;\n&#13;\n<p>Los art\u00edculos de este sitio pueden incluir contenido incrustado (por ejemplo, v\u00eddeos, im\u00e1genes, art\u00edculos, etc.). El contenido incrustado de otros sitios se comporta de la misma manera que si el visitante estuviera en ese otro sitio.<\/p>&#13;\n<p>Estos sitios web pueden recopilar datos sobre usted, utilizar cookies, incrustar herramientas de seguimiento de terceros y rastrear sus interacciones con dicho contenido incrustado si tiene una cuenta en su sitio web.<\/p>&#13;\n&#13;\n<h2 class=\"wp-block-heading\">Uso y divulgaci\u00f3n de sus datos personales<\/h2>&#13;\n&#13;\n<p>Si solicita un restablecimiento de la contrase\u00f1a, su direcci\u00f3n IP se incluir\u00e1 en el correo electr\u00f3nico de restablecimiento.<\/p>&#13;\n&#13;\n<h2 class=\"wp-block-heading\">Cu\u00e1nto tiempo almacenamos sus datos<\/h2>&#13;\n&#13;\n<p>Si deja un comentario, el comentario y sus metadatos se almacenan indefinidamente. Esto nos permite reconocer y aprobar autom\u00e1ticamente los comentarios posteriores en lugar de dejarlos en la cola de moderaci\u00f3n.<\/p>&#13;\n<p>Para las cuentas que se registran en nuestro sitio (si las hay), tambi\u00e9n almacenamos los datos personales que figuran en su perfil. Todas las cuentas pueden ver, editar o eliminar su informaci\u00f3n personal en cualquier momento (excepto su ID de usuario). Los administradores del sitio tambi\u00e9n pueden ver y editar esta informaci\u00f3n.<\/p>&#13;\n&#13;\n<h2 class=\"wp-block-heading\">Los derechos que tiene sobre sus datos<\/h2>&#13;\n&#13;\n<p>Si tiene una cuenta o si ha dejado comentarios en el sitio, puede solicitar que se le env\u00ede un archivo con todos los datos personales que tenemos sobre usted, incluidos los que nos ha proporcionado. Tambi\u00e9n puede solicitar la supresi\u00f3n de sus datos personales. Esto no incluye los datos almacenados con fines administrativos, legales o de seguridad.<\/p>&#13;\n&#13;\n<h2 class=\"wp-block-heading\">Transmisi\u00f3n de sus datos personales<\/h2>&#13;\n&#13;\n<p>Los comentarios de los visitantes pueden ser revisados con un servicio autom\u00e1tico de detecci\u00f3n de spam.<\/p>&#13;\n","protected":false},"excerpt":{"rendered":"<p>&#13; \u00bfQui\u00e9nes somos? &#13; &#13; The address of our website is https:\/\/www.taxobservatory.world. &#13; &#13; Comentarios &#13; &#13; Cuando deja un comentario en nuestro sitio, se recogen los datos introducidos en el formulario de comentarios, pero tambi\u00e9n su direcci\u00f3n IP y el agente de usuario de su navegador para ayudarnos a detectar comentarios no deseados. &#13; [&hellip;]<\/p>\n","protected":false},"author":3,"featured_media":0,"parent":0,"menu_order":3,"comment_status":"closed","ping_status":"open","template":"templates\/cms.php","meta":{"footnotes":""},"class_list":["post-4467","page","type-page","status-publish","hentry"],"acf":[],"yoast_head":"<!-- This site is optimized with the Yoast SEO plugin v21.9.1 - https:\/\/yoast.com\/wordpress\/plugins\/seo\/ -->\n<title>Privacy Policy - EU Tax Observatory<\/title>\n<meta name=\"robots\" content=\"index, follow, max-snippet:-1, max-image-preview:large, max-video-preview:-1\" \/>\n<link rel=\"canonical\" href=\"https:\/\/taxobservatory.world\/es\/privacy-policy\/\" \/>\n<meta property=\"og:locale\" content=\"es_ES\" \/>\n<meta property=\"og:type\" content=\"article\" \/>\n<meta property=\"og:title\" content=\"Privacy Policy - EU Tax Observatory\" \/>\n<meta property=\"og:description\" content=\"&#013; \u00bfQui\u00e9nes somos? &#013; &#013; The address of our website is https:\/\/www.taxobservatory.world. &#013; &#013; Comentarios &#013; &#013; Cuando deja un comentario en nuestro sitio, se recogen los datos introducidos en el formulario de comentarios, pero tambi\u00e9n su direcci\u00f3n IP y el agente de usuario de su navegador para ayudarnos a detectar comentarios no deseados. &#013; [&hellip;]\" \/>\n<meta property=\"og:url\" content=\"https:\/\/taxobservatory.world\/es\/privacy-policy\/\" \/>\n<meta property=\"og:site_name\" content=\"EU Tax Observatory\" \/>\n<meta property=\"article:modified_time\" content=\"2022-04-15T16:16:00+00:00\" \/>\n<meta name=\"twitter:card\" content=\"summary_large_image\" \/>\n<meta name=\"twitter:label1\" content=\"Est. reading time\" \/>\n\t<meta name=\"twitter:data1\" content=\"3 minutes\" \/>\n<script type=\"application\/ld+json\" class=\"yoast-schema-graph\">{\"@context\":\"https:\/\/schema.org\",\"@graph\":[{\"@type\":\"WebPage\",\"@id\":\"https:\/\/taxobservatory.world\/es\/privacy-policy\/\",\"url\":\"https:\/\/taxobservatory.world\/es\/privacy-policy\/\",\"name\":\"Privacy Policy - EU Tax Observatory\",\"isPartOf\":{\"@id\":\"https:\/\/taxobservatory.world\/es\/#website\"},\"datePublished\":\"2021-04-30T13:10:44+00:00\",\"dateModified\":\"2022-04-15T16:16:00+00:00\",\"breadcrumb\":{\"@id\":\"https:\/\/taxobservatory.world\/es\/privacy-policy\/#breadcrumb\"},\"inLanguage\":\"es-ES\",\"potentialAction\":[{\"@type\":\"ReadAction\",\"target\":[\"https:\/\/taxobservatory.world\/es\/privacy-policy\/\"]}]},{\"@type\":\"BreadcrumbList\",\"@id\":\"https:\/\/taxobservatory.world\/es\/privacy-policy\/#breadcrumb\",\"itemListElement\":[{\"@type\":\"ListItem\",\"position\":1,\"name\":\"Home\",\"item\":\"https:\/\/taxobservatory.world\/es\/\"},{\"@type\":\"ListItem\",\"position\":2,\"name\":\"Privacy Policy\"}]},{\"@type\":\"WebSite\",\"@id\":\"https:\/\/taxobservatory.world\/es\/#website\",\"url\":\"https:\/\/taxobservatory.world\/es\/\",\"name\":\"EU Tax Observatory\",\"description\":\"Un sitio web WordPress\",\"potentialAction\":[{\"@type\":\"SearchAction\",\"target\":{\"@type\":\"EntryPoint\",\"urlTemplate\":\"https:\/\/taxobservatory.world\/es\/?s={search_term_string}\"},\"query-input\":\"required name=search_term_string\"}],\"inLanguage\":\"es-ES\"}]}<\/script>\n<!-- \/ Yoast SEO plugin. -->","yoast_head_json":{"title":"Privacy Policy - EU Tax Observatory","robots":{"index":"index","follow":"follow","max-snippet":"max-snippet:-1","max-image-preview":"max-image-preview:large","max-video-preview":"max-video-preview:-1"},"canonical":"https:\/\/taxobservatory.world\/es\/privacy-policy\/","og_locale":"es_ES","og_type":"article","og_title":"Privacy Policy - EU Tax Observatory","og_description":"&#13; \u00bfQui\u00e9nes somos? &#13; &#13; The address of our website is https:\/\/www.taxobservatory.world. &#13; &#13; Comentarios &#13; &#13; Cuando deja un comentario en nuestro sitio, se recogen los datos introducidos en el formulario de comentarios, pero tambi\u00e9n su direcci\u00f3n IP y el agente de usuario de su navegador para ayudarnos a detectar comentarios no deseados. &#13; [&hellip;]","og_url":"https:\/\/taxobservatory.world\/es\/privacy-policy\/","og_site_name":"EU Tax Observatory","article_modified_time":"2022-04-15T16:16:00+00:00","twitter_card":"summary_large_image","twitter_misc":{"Est. reading time":"3 minutes"},"schema":{"@context":"https:\/\/schema.org","@graph":[{"@type":"WebPage","@id":"https:\/\/taxobservatory.world\/es\/privacy-policy\/","url":"https:\/\/taxobservatory.world\/es\/privacy-policy\/","name":"Privacy Policy - EU Tax Observatory","isPartOf":{"@id":"https:\/\/taxobservatory.world\/es\/#website"},"datePublished":"2021-04-30T13:10:44+00:00","dateModified":"2022-04-15T16:16:00+00:00","breadcrumb":{"@id":"https:\/\/taxobservatory.world\/es\/privacy-policy\/#breadcrumb"},"inLanguage":"es-ES","potentialAction":[{"@type":"ReadAction","target":["https:\/\/taxobservatory.world\/es\/privacy-policy\/"]}]},{"@type":"BreadcrumbList","@id":"https:\/\/taxobservatory.world\/es\/privacy-policy\/#breadcrumb","itemListElement":[{"@type":"ListItem","position":1,"name":"Home","item":"https:\/\/taxobservatory.world\/es\/"},{"@type":"ListItem","position":2,"name":"Privacy Policy"}]},{"@type":"WebSite","@id":"https:\/\/taxobservatory.world\/es\/#website","url":"https:\/\/taxobservatory.world\/es\/","name":"EU Tax Observatory","description":"Un sitio web WordPress","potentialAction":[{"@type":"SearchAction","target":{"@type":"EntryPoint","urlTemplate":"https:\/\/taxobservatory.world\/es\/?s={search_term_string}"},"query-input":"required name=search_term_string"}],"inLanguage":"es-ES"}]}},"_links":{"self":[{"href":"https:\/\/taxobservatory.world\/es\/wp-json\/wp\/v2\/pages\/4467","targetHints":{"allow":["GET"]}}],"collection":[{"href":"https:\/\/taxobservatory.world\/es\/wp-json\/wp\/v2\/pages"}],"about":[{"href":"https:\/\/taxobservatory.world\/es\/wp-json\/wp\/v2\/types\/page"}],"author":[{"embeddable":true,"href":"https:\/\/taxobservatory.world\/es\/wp-json\/wp\/v2\/users\/3"}],"replies":[{"embeddable":true,"href":"https:\/\/taxobservatory.world\/es\/wp-json\/wp\/v2\/comments?post=4467"}],"version-history":[{"count":0,"href":"https:\/\/taxobservatory.world\/es\/wp-json\/wp\/v2\/pages\/4467\/revisions"}],"wp:attachment":[{"href":"https:\/\/taxobservatory.world\/es\/wp-json\/wp\/v2\/media?parent=4467"}],"curies":[{"name":"wp","href":"https:\/\/api.w.org\/{rel}","templated":true}]}}